{"id":544,"date":"2018-01-18T17:26:45","date_gmt":"2018-01-18T17:26:45","guid":{"rendered":"http:\/\/samofil.pt\/?page_id=544"},"modified":"2019-07-05T14:56:54","modified_gmt":"2019-07-05T14:56:54","slug":"norte-2020","status":"publish","type":"page","link":"https:\/\/samofil.pt\/en\/norte-2020\/","title":{"rendered":"NORTE 2020"},"content":{"rendered":"[vc_row padding=&#8221;pt-70 pb-70 pt-xs-50 pb-xs-50&#8243; bgcolor=&#8221;#5f4b8b&#8221;][vc_column][\/vc_column][\/vc_row][vc_row margin=&#8221;mt-70 mb-70 mt-xs-50 mb-xs-50&#8243;][vc_column][vc_column_text]\n<p style=\"text-align: justify;\">Cofinanciado por:<\/p>\n<p><img decoding=\"async\" style=\"display: block; margin-left: auto; margin-right: auto; margin-bottom: 50px;\" src=\"http:\/\/samofil.pt\/wp-content\/uploads\/2016\/10\/barra_feder.jpg\" width=\"90%\" \/><\/p>\n<p><strong>Designa\u00e7\u00e3o do projeto:<\/strong> Altera\u00e7\u00e3o fundamental dos processos de produ\u00e7\u00e3o pela incorpora\u00e7\u00e3o de tecnologia mais inovadora e eficiente<\/p>\n<p>&nbsp;<\/p>\n<p><strong>C\u00f3digo do projeto<\/strong>: Norte-02-0853-FEDER-000476<\/p>\n<p><strong>Objetivo principal<\/strong>: Refor\u00e7ar a competitividade das pequenas e m\u00e9dias empresas<\/p>\n<p><strong>Regi\u00e3o de interven\u00e7\u00e3o:<\/strong> Norte &#8211; Famalic\u00e3o<\/p>\n<p><strong>Entidade benefici\u00e1ria: <\/strong>Samofil &#8211; T\u00eaxteis, Lda.<\/p>\n<p>&nbsp;<\/p>\n<p>Data de aprova\u00e7\u00e3o: 07-08-2015<\/p>\n<p>Data de in\u00edcio: 01-05-2015<\/p>\n<p>Data de conclus\u00e3o: 28-04-2017<\/p>\n<p>Custo total eleg\u00edvel: 2.609.615,00 euros<\/p>\n<p>Apoio financeiro da Uni\u00e3o Europeia: FEDER \u2013 1.565.769,00 euros<\/p>\n<p>&nbsp;<\/p>\n<p><strong>Objetivos, atividades e resultados esperados\/atingidos:<\/strong><\/p>\n<p>Com mais de 35 anos de hist\u00f3ria, a Samofil \u00e9, hoje, considerada pela comunidade empresarial, uma marca de refer\u00eancia a n\u00edvel concelhio na \u00e1rea dos t\u00eaxteis. Localizada em duas unidades produtivas que perfazem mais de 13000 m2 de \u00e1rea coberta, e distribu\u00eddas pelas freguesias de Novais e Pousada de Saramagos, ambas pertencentes ao concelho de Vila Nova de Famalic\u00e3o, distrito de Braga, a Samofil posiciona-se na \u00e1rea em que atua atrav\u00e9s de um conjunto amplamente diversificado de servi\u00e7os e val\u00eancias produtivas, dotadas de equipamentos e maquinaria que incorporam um elevad\u00edssimo n\u00edvel tecnol\u00f3gico, enquadradas nos mais modernos processos de organiza\u00e7\u00e3o cient\u00edfica do trabalho. Os servi\u00e7os distribuem-se desde as val\u00eancias da tecelagem, passando pela confe\u00e7\u00e3o, tinturaria, estamparia at\u00e9 \u00e0 unidade de acabamentos. Apoiados pelo incans\u00e1vel contributo dos mais de 140 funcion\u00e1rios, que connosco fizeram e continuam a fazer a nossa hist\u00f3ria, a Samofil empenha-se, diariamente, em fortalecer uma marca que \u00e9 reconhecida pelos seus parceiros pela qualidade, compet\u00eancia e rigor dos servi\u00e7os prestados, num mercado cada vez mais exigente e competitivo.<\/p>\n<p>O presente projeto assenta na introdu\u00e7\u00e3o de novas solu\u00e7\u00f5es tecnol\u00f3gicas, para refor\u00e7o da capacidade econ\u00f3mica da empresa atrav\u00e9s do refor\u00e7o da intensidade tecnol\u00f3gica e introdu\u00e7\u00e3o de melhorias ao n\u00edvel da gest\u00e3o organizacional da empresa e consequente orienta\u00e7\u00e3o exportadora da empresa. O projeto de investimento promove tamb\u00e9m a redu\u00e7\u00e3o das emiss\u00f5es poluentes e diminui\u00e7\u00e3o da intensidade energ\u00e9tica e produ\u00e7\u00e3o de energias mais limpas e eficientes, atrav\u00e9s da implementa\u00e7\u00e3o de novos processos sustent\u00e1veis.<\/p>\n<p>S\u00e3o objetivos estrat\u00e9gicos da empresa:<\/p>\n<p>#Aumentar a competitividade e produtividade em geral;<\/p>\n<p>#Apostar na inova\u00e7\u00e3o e melhoria cont\u00ednua;<\/p>\n<p>#Refor\u00e7ar os n\u00edveis de qualidade do produto;<\/p>\n<p>#Melhorar a organiza\u00e7\u00e3o, gest\u00e3o, informatiza\u00e7\u00e3o e comunica\u00e7\u00e3o entre os departamentos dada a dimens\u00e3o da empresa;<\/p>\n<p>#Aumentar a efici\u00eancia energ\u00e9tica e contribuir ao mesmo tempo para melhorias significativas ao n\u00edvel das condi\u00e7\u00f5es de trabalho;<\/p>\n<p>#Reduzir a pesada fatura energ\u00e9tica para aumento de competitividade;<\/p>\n<p>#Refor\u00e7ar a internacionaliza\u00e7\u00e3o da empresa e apostar na notoriedade das marcas pr\u00f3prias no mercado externo;<\/p>\n<p>#Refor\u00e7ar a internacionaliza\u00e7\u00e3o da empresa e apostar na notoriedade das marcas pr\u00f3prias no mercado externo;<\/p>\n<p><strong>Em termos de resultados a atingir nos p\u00f3s projeto destacam-se:<\/strong><\/p>\n<ul>\n<li>Valor Acrescentado Bruto de 2.653.883,00 \u20ac;<\/li>\n<li>Cria\u00e7\u00e3o de 1 posto de trabalho qualificados;<\/li>\n<li>Volume de Neg\u00f3cios de 7.022.308,00 \u20ac.<\/li>\n<\/ul>\n<p><strong>Entidade Consultora:<\/strong> B&amp;F consultores, Lda.<\/p>\n<p><a href=\"http:\/\/samofil.pt\/wp-content\/uploads\/2016\/10\/image003.png\"><img loading=\"lazy\" decoding=\"async\" class=\"alignnone size-full wp-image-390\" src=\"http:\/\/samofil.pt\/wp-content\/uploads\/2016\/10\/image003.png\" alt=\"image003\" width=\"130\" height=\"63\" \/><\/a><\/p>\n<div class=\"grammarly-disable-indicator\"><\/div>\n[\/vc_column_text][\/vc_column][\/vc_row]\n","protected":false},"excerpt":{"rendered":"<p>[vc_row padding=&#8221;pt-70 pb-70 pt-xs-50 pb-xs-50&#8243; bgcolor=&#8221;#5f4b8b&#8221;][vc_column][\/vc_column][\/vc_row][vc_row margin=&#8221;mt-70 mb-70 mt-xs-50 mb-xs-50&#8243;][vc_column][vc_column_text] Cofinanciado por: Designa\u00e7\u00e3o do projeto: Altera\u00e7\u00e3o fundamental dos processos de produ\u00e7\u00e3o pela incorpora\u00e7\u00e3o de tecnologia mais inovadora e eficiente &nbsp;&#8230;<\/p>\n","protected":false},"author":1,"featured_media":0,"parent":0,"menu_order":0,"comment_status":"closed","ping_status":"closed","template":"","meta":{"inline_featured_image":false,"footnotes":""},"class_list":["post-544","page","type-page","status-publish"],"_links":{"self":[{"href":"https:\/\/samofil.pt\/en\/wp-json\/wp\/v2\/pages\/544","targetHints":{"allow":["GET"]}}],"collection":[{"href":"https:\/\/samofil.pt\/en\/wp-json\/wp\/v2\/pages"}],"about":[{"href":"https:\/\/samofil.pt\/en\/wp-json\/wp\/v2\/types\/page"}],"author":[{"embeddable":true,"href":"https:\/\/samofil.pt\/en\/wp-json\/wp\/v2\/users\/1"}],"replies":[{"embeddable":true,"href":"https:\/\/samofil.pt\/en\/wp-json\/wp\/v2\/comments?post=544"}],"version-history":[{"count":2,"href":"https:\/\/samofil.pt\/en\/wp-json\/wp\/v2\/pages\/544\/revisions"}],"predecessor-version":[{"id":629,"href":"https:\/\/samofil.pt\/en\/wp-json\/wp\/v2\/pages\/544\/revisions\/629"}],"wp:attachment":[{"href":"https:\/\/samofil.pt\/en\/wp-json\/wp\/v2\/media?parent=544"}],"curies":[{"name":"wp","href":"https:\/\/api.w.org\/{rel}","templated":true}]}}