{"id":542,"date":"2018-01-18T17:25:55","date_gmt":"2018-01-18T17:25:55","guid":{"rendered":"http:\/\/samofil.pt\/?page_id=542"},"modified":"2018-01-18T17:25:55","modified_gmt":"2018-01-18T17:25:55","slug":"malhas-novais-2","status":"publish","type":"page","link":"https:\/\/samofil.pt\/en\/malhas-novais-2\/","title":{"rendered":"MALHAS NOVAIS"},"content":{"rendered":"[vc_row fluid=&#8221;yes&#8221;][vc_column][rev_slider alias=&#8221;novais&#8221;][\/vc_column][\/vc_row][vc_row padding=&#8221;custom-padding&#8221; top=&#8221;60px&#8221;][vc_column][rs_section_title align=&#8221;center&#8221; title=&#8221;Malhas Novais&#8221; title_color=&#8221;#5f4b8b&#8221; title_size=&#8221;40px&#8221;][\/vc_column][\/vc_row][vc_row margin_bottom=&#8221;-150&#8243;][vc_column][vc_column_text text_color=&#8221;#5f4b8b&#8221; text_size=&#8221;16px&#8221;]H\u00e1 mais de 35 anos no mercado, a marca NOVAIS surge nos in\u00edcios de atividade da SAMOFIL. Direcionada para o sleepwear de homem, senhora e crian\u00e7a, a marca apresenta, hoje, uma gama de artigos, al\u00e9m de diversificada, atenta a proporcionar uma resposta pronta e eficaz \u00e0s exig\u00eancias do mercado. Apoiada em din\u00e2micas competitivas, a NOVAIS \u00e9 uma marca assente em padr\u00f5es de alt\u00edssima qualidade, afirmando continuamente o seu trajeto no horizonte da vanguarda e da tecnologia.[\/vc_column_text][\/vc_column][\/vc_row][vc_row padding=&#8221;pb-70 pb-xs-50&#8243;][vc_column align=&#8221;center&#8221;][vc_btn title=&#8221;DESCARREGUE AQUI O CAT\u00c1LOGO&#8221; color=&#8221;violet&#8221; i_icon_fontawesome=&#8221;fa fa-file-pdf-o&#8221; add_icon=&#8221;true&#8221; link=&#8221;url:http%3A%2F%2Fsamofil.pt%2Fwp-content%2Fuploads%2Fcatalogopdfweb.pdf||target:%20_blank|&#8221;][\/vc_column][\/vc_row]\n","protected":false},"excerpt":{"rendered":"<p>[vc_row fluid=&#8221;yes&#8221;][vc_column][rev_slider alias=&#8221;novais&#8221;][\/vc_column][\/vc_row][vc_row padding=&#8221;custom-padding&#8221; top=&#8221;60px&#8221;][vc_column][rs_section_title align=&#8221;center&#8221; title=&#8221;Malhas Novais&#8221; title_color=&#8221;#5f4b8b&#8221; title_size=&#8221;40px&#8221;][\/vc_column][\/vc_row][vc_row margin_bottom=&#8221;-150&#8243;][vc_column][vc_column_text text_color=&#8221;#5f4b8b&#8221; text_size=&#8221;16px&#8221;]H\u00e1 mais de 35 anos no mercado, a marca NOVAIS surge nos in\u00edcios de atividade da SAMOFIL. Direcionada&#8230;<\/p>\n","protected":false},"author":1,"featured_media":0,"parent":0,"menu_order":0,"comment_status":"open","ping_status":"open","template":"","meta":{"inline_featured_image":false,"footnotes":""},"class_list":["post-542","page","type-page","status-publish"],"_links":{"self":[{"href":"https:\/\/samofil.pt\/en\/wp-json\/wp\/v2\/pages\/542","targetHints":{"allow":["GET"]}}],"collection":[{"href":"https:\/\/samofil.pt\/en\/wp-json\/wp\/v2\/pages"}],"about":[{"href":"https:\/\/samofil.pt\/en\/wp-json\/wp\/v2\/types\/page"}],"author":[{"embeddable":true,"href":"https:\/\/samofil.pt\/en\/wp-json\/wp\/v2\/users\/1"}],"replies":[{"embeddable":true,"href":"https:\/\/samofil.pt\/en\/wp-json\/wp\/v2\/comments?post=542"}],"version-history":[{"count":1,"href":"https:\/\/samofil.pt\/en\/wp-json\/wp\/v2\/pages\/542\/revisions"}],"predecessor-version":[{"id":543,"href":"https:\/\/samofil.pt\/en\/wp-json\/wp\/v2\/pages\/542\/revisions\/543"}],"wp:attachment":[{"href":"https:\/\/samofil.pt\/en\/wp-json\/wp\/v2\/media?parent=542"}],"curies":[{"name":"wp","href":"https:\/\/api.w.org\/{rel}","templated":true}]}}